{"id":398,"date":"2020-11-25T00:58:54","date_gmt":"2020-11-24T23:58:54","guid":{"rendered":"https:\/\/nmprawo.pl\/blog\/?page_id=398"},"modified":"2020-11-25T01:17:28","modified_gmt":"2020-11-25T00:17:28","slug":"regulamin","status":"publish","type":"page","link":"https:\/\/nmprawo.pl\/blog\/regulamin\/","title":{"rendered":"Regulamin Bloga"},"content":{"rendered":"\n<p>Dokument ten opisuje zasady korzystania z bloga dost\u0119pnego pod adresem:<\/p>\n\n\n\n<p class=\"has-text-align-center\"> <a class=\"ek-link ek-link\" href=\"https:\/\/nmprawo.pl\/blog\">nmprawo.pl\/blog<\/a><\/p>\n\n\n\n<p>Niniejszy regulamin obowi\u0105zuje od dnia 24 listopada 2020 roku.<\/p>\n\n\n\n<h3 class=\"wp-block-heading\">1. Autor i Administrator bloga<\/h3>\n\n\n\n<p class=\"has-text-align-justify\">Autork\u0105 bloga dost\u0119pnego pod adresem <a class=\"ek-link\" href=\"https:\/\/nmprawo.pl\/blog\">nmprawo.pl\/blog<\/a> oraz administratorem i us\u0142ugodawc\u0105 w rozumieniu ustawy z dnia 18 lipca 2002 r. o \u015bwiadczeniu us\u0142ug drog\u0105 elektroniczn\u0105, jest radca prawny Natalia Modzelewska prowadz\u0105ca dzia\u0142alno\u015b\u0107 gospodarcz\u0105 pod firm\u0105 NMPRAWO Kancelaria Radcy Prawnego Natalia Modzelewska, adres: ul. \u017beglarzy 12, 76-270 Ustka.<\/p>\n\n\n\n<p class=\"has-text-align-justify\">Z administratorem mo\u017cna skontaktowa\u0107 si\u0119 emailowo, wysy\u0142aj\u0105c wiadomo\u015b\u0107 na adres: kontakt@nmprawo.pl lub tradycyjnie, przez wys\u0142anie korespondencji na adres: NMPRAWO Kancelaria Radcy Prawnego Natalia Modzelewska, ul. \u017beglarzy 12, 76-270 Ustka.<\/p>\n\n\n\n<h3 class=\"wp-block-heading\">2. Us\u0142ugobiorca<\/h3>\n\n\n\n<p class=\"has-text-align-justify\">Us\u0142ugobiorc\u0105 jest ka\u017cdy czytelnik bloga, czyli osoba go odwiedzaj\u0105ca, przegl\u0105daj\u0105ca jego tre\u015bci.<\/p>\n\n\n\n<h3 class=\"wp-block-heading\">3. Tre\u015bci i cel bloga<\/h3>\n\n\n\n<p class=\"has-text-align-justify\">Tre\u015bci zamieszczane na blogu s\u0105 chronione przez Prawo Autorskie, zgodnie z ustaw\u0105 z dnia 4 lutego 1994 r. o prawie autorskim i prawach pokrewnych (Dz.U. 1994.24.83 z pozn. zm.). Autorka bloga zastrzega, \u017ce tre\u015bci bloga nie stanowi\u0105 porady prawnej, a cel bloga ma charakter wy\u0142\u0105cznie informacyjny i edukacyjny.<\/p>\n\n\n\n<h3 class=\"wp-block-heading\">4. Zasady korzystania z bloga i komentarze<\/h3>\n\n\n\n<p class=\"has-text-align-justify\">Us\u0142ugobiorca zobowi\u0105zuje si\u0119 do korzystania z bloga w spos\u00f3b zgodny z prawem, zwyczajem i dobrymi obyczajami. Autorka Bloga nie odpowiada za tre\u015bci komentarzy zamieszczonych przez Us\u0142ugobiorc\u00f3w. Us\u0142ugobiorca dodaj\u0105c komentarz zobowi\u0105zuje si\u0119 poda\u0107 dane zgodne z prawd\u0105. Moderatork\u0105 bloga i komentarzy jest Autorka Bloga, kt\u00f3ra uprawniona jest do zatwierdzania lub usuwania komentarzy. Komentarze niezgodne z prawd\u0105, wulgarne lub obra\u017aliwe b\u0119d\u0105 usuwane.<\/p>\n\n\n\n<h3 class=\"wp-block-heading\">5. Prawa autorskie<\/h3>\n\n\n\n<p class=\"has-text-align-justify\">Dopuszczalne jest wykorzystanie tre\u015bci udost\u0119pnianych na blogu na u\u017cytek w\u0142asny. Autorka bloga zezwala na wykorzystanie udost\u0119pnionych przez ni\u0105 wpis\u00f3w na blogu, jedynie pod warunkiem zamieszczenia wyra\u017anej informacji, \u017ce autork\u0105 tekstu jest radca prawny Natalia Modzelewska, prowadz\u0105ca blog prawny pod adresem <a class=\"ek-link\" href=\"https:\/\/nmprawo.pl\/blog\">https:\/\/nmprawo.pl\/blog<\/a>.<\/p>\n\n\n\n<h3 class=\"wp-block-heading\">6. Postanowienia ko\u0144cowe<\/h3>\n\n\n\n<p class=\"has-text-align-left\">Niniejszy regulamin obowi\u0105zuje od dnia 24.11.2020.<\/p>\n\n\n\n<p>Autorka zastrzega mo\u017cliwo\u015b\u0107 zmiany regulaminu w ka\u017cdym czasie, a zmiany obowi\u0105zuj\u0105 od chwili ich wprowadzenia.<\/p>\n","protected":false},"excerpt":{"rendered":"<p>Dokument ten opisuje zasady korzystania z bloga dost\u0119pnego pod adresem: nmprawo.pl\/blog Niniejszy regulamin obowi\u0105zuje od dnia 24 listopada 2020 roku. 1. Autor i Administrator bloga&hellip;<\/p>\n","protected":false},"author":1,"featured_media":0,"parent":0,"menu_order":0,"comment_status":"closed","ping_status":"closed","template":"","meta":{"_editorskit_title_hidden":false,"_editorskit_reading_time":1,"_editorskit_is_block_options_detached":false,"_editorskit_block_options_position":"{}","footnotes":""},"class_list":["post-398","page","type-page","status-publish","hentry"],"yoast_head":"<!-- This site is optimized with the Yoast SEO plugin v27.6 - https:\/\/yoast.com\/product\/yoast-seo-wordpress\/ -->\n<title>Regulamin Bloga - Blog prawny<\/title>\n<meta name=\"description\" content=\"Dokument ten opisuje zasady korzystania z bloga dost\u0119pnego pod adresem nmprawo.pl\/blog. Niniejszy regulamin obowi\u0105zuje od dnia 24 listopada 2020 roku.\" \/>\n<meta name=\"robots\" content=\"index, follow, max-snippet:-1, max-image-preview:large, max-video-preview:-1\" \/>\n<link rel=\"canonical\" href=\"https:\/\/nmprawo.pl\/blog\/regulamin\/\" \/>\n<meta property=\"og:locale\" content=\"pl_PL\" \/>\n<meta property=\"og:type\" content=\"article\" \/>\n<meta property=\"og:title\" content=\"Regulamin Bloga - Blog prawny\" \/>\n<meta property=\"og:description\" content=\"Dokument ten opisuje zasady korzystania z bloga dost\u0119pnego pod adresem nmprawo.pl\/blog. Niniejszy regulamin obowi\u0105zuje od dnia 24 listopada 2020 roku.\" \/>\n<meta property=\"og:url\" content=\"https:\/\/nmprawo.pl\/blog\/regulamin\/\" \/>\n<meta property=\"og:site_name\" content=\"Blog prawny\" \/>\n<meta property=\"article:publisher\" content=\"https:\/\/www.facebook.com\/nmprawo\" \/>\n<meta property=\"article:modified_time\" content=\"2020-11-25T00:17:28+00:00\" \/>\n<meta name=\"twitter:card\" content=\"summary_large_image\" \/>\n<meta name=\"twitter:site\" content=\"@nmprawo\" \/>\n<meta name=\"twitter:label1\" content=\"Szacowany czas czytania\" \/>\n\t<meta name=\"twitter:data1\" content=\"2 minuty\" \/>\n<script type=\"application\/ld+json\" class=\"yoast-schema-graph\">{\"@context\":\"https:\\\/\\\/schema.org\",\"@graph\":[{\"@type\":\"WebPage\",\"@id\":\"https:\\\/\\\/nmprawo.pl\\\/blog\\\/regulamin\\\/\",\"url\":\"https:\\\/\\\/nmprawo.pl\\\/blog\\\/regulamin\\\/\",\"name\":\"Regulamin Bloga - Blog prawny\",\"isPartOf\":{\"@id\":\"https:\\\/\\\/nmprawo.pl\\\/blog\\\/#website\"},\"datePublished\":\"2020-11-24T23:58:54+00:00\",\"dateModified\":\"2020-11-25T00:17:28+00:00\",\"description\":\"Dokument ten opisuje zasady korzystania z bloga dost\u0119pnego pod adresem nmprawo.pl\\\/blog. Niniejszy regulamin obowi\u0105zuje od dnia 24 listopada 2020 roku.\",\"breadcrumb\":{\"@id\":\"https:\\\/\\\/nmprawo.pl\\\/blog\\\/regulamin\\\/#breadcrumb\"},\"inLanguage\":\"pl-PL\",\"potentialAction\":[{\"@type\":\"ReadAction\",\"target\":[\"https:\\\/\\\/nmprawo.pl\\\/blog\\\/regulamin\\\/\"]}]},{\"@type\":\"BreadcrumbList\",\"@id\":\"https:\\\/\\\/nmprawo.pl\\\/blog\\\/regulamin\\\/#breadcrumb\",\"itemListElement\":[{\"@type\":\"ListItem\",\"position\":1,\"name\":\"Home\",\"item\":\"https:\\\/\\\/nmprawo.pl\\\/blog\\\/\"},{\"@type\":\"ListItem\",\"position\":2,\"name\":\"Regulamin Bloga\"}]},{\"@type\":\"WebSite\",\"@id\":\"https:\\\/\\\/nmprawo.pl\\\/blog\\\/#website\",\"url\":\"https:\\\/\\\/nmprawo.pl\\\/blog\\\/\",\"name\":\"Blog NMPRAWO\",\"description\":\"Radca Prawny Natalia Modzelewska\",\"publisher\":{\"@id\":\"https:\\\/\\\/nmprawo.pl\\\/blog\\\/#organization\"},\"potentialAction\":[{\"@type\":\"SearchAction\",\"target\":{\"@type\":\"EntryPoint\",\"urlTemplate\":\"https:\\\/\\\/nmprawo.pl\\\/blog\\\/?s={search_term_string}\"},\"query-input\":{\"@type\":\"PropertyValueSpecification\",\"valueRequired\":true,\"valueName\":\"search_term_string\"}}],\"inLanguage\":\"pl-PL\"},{\"@type\":\"Organization\",\"@id\":\"https:\\\/\\\/nmprawo.pl\\\/blog\\\/#organization\",\"name\":\"Kancelaria Radcy Prawnego NMPRAWO\",\"url\":\"https:\\\/\\\/nmprawo.pl\\\/blog\\\/\",\"logo\":{\"@type\":\"ImageObject\",\"inLanguage\":\"pl-PL\",\"@id\":\"https:\\\/\\\/nmprawo.pl\\\/blog\\\/#\\\/schema\\\/logo\\\/image\\\/\",\"url\":\"https:\\\/\\\/nmprawo.pl\\\/blog\\\/wp-content\\\/uploads\\\/2020\\\/11\\\/logo_schema.png\",\"contentUrl\":\"https:\\\/\\\/nmprawo.pl\\\/blog\\\/wp-content\\\/uploads\\\/2020\\\/11\\\/logo_schema.png\",\"width\":1201,\"height\":300,\"caption\":\"Kancelaria Radcy Prawnego NMPRAWO\"},\"image\":{\"@id\":\"https:\\\/\\\/nmprawo.pl\\\/blog\\\/#\\\/schema\\\/logo\\\/image\\\/\"},\"sameAs\":[\"https:\\\/\\\/www.facebook.com\\\/nmprawo\",\"https:\\\/\\\/x.com\\\/nmprawo\",\"https:\\\/\\\/www.instagram.com\\\/nmprawo\\\/\",\"https:\\\/\\\/www.linkedin.com\\\/company\\\/nmprawo\\\/\"]}]}<\/script>\n<!-- \/ Yoast SEO plugin. -->","yoast_head_json":{"title":"Regulamin Bloga - Blog prawny","description":"Dokument ten opisuje zasady korzystania z bloga dost\u0119pnego pod adresem nmprawo.pl\/blog. Niniejszy regulamin obowi\u0105zuje od dnia 24 listopada 2020 roku.","robots":{"index":"index","follow":"follow","max-snippet":"max-snippet:-1","max-image-preview":"max-image-preview:large","max-video-preview":"max-video-preview:-1"},"canonical":"https:\/\/nmprawo.pl\/blog\/regulamin\/","og_locale":"pl_PL","og_type":"article","og_title":"Regulamin Bloga - Blog prawny","og_description":"Dokument ten opisuje zasady korzystania z bloga dost\u0119pnego pod adresem nmprawo.pl\/blog. Niniejszy regulamin obowi\u0105zuje od dnia 24 listopada 2020 roku.","og_url":"https:\/\/nmprawo.pl\/blog\/regulamin\/","og_site_name":"Blog prawny","article_publisher":"https:\/\/www.facebook.com\/nmprawo","article_modified_time":"2020-11-25T00:17:28+00:00","twitter_card":"summary_large_image","twitter_site":"@nmprawo","twitter_misc":{"Szacowany czas czytania":"2 minuty"},"schema":{"@context":"https:\/\/schema.org","@graph":[{"@type":"WebPage","@id":"https:\/\/nmprawo.pl\/blog\/regulamin\/","url":"https:\/\/nmprawo.pl\/blog\/regulamin\/","name":"Regulamin Bloga - Blog prawny","isPartOf":{"@id":"https:\/\/nmprawo.pl\/blog\/#website"},"datePublished":"2020-11-24T23:58:54+00:00","dateModified":"2020-11-25T00:17:28+00:00","description":"Dokument ten opisuje zasady korzystania z bloga dost\u0119pnego pod adresem nmprawo.pl\/blog. Niniejszy regulamin obowi\u0105zuje od dnia 24 listopada 2020 roku.","breadcrumb":{"@id":"https:\/\/nmprawo.pl\/blog\/regulamin\/#breadcrumb"},"inLanguage":"pl-PL","potentialAction":[{"@type":"ReadAction","target":["https:\/\/nmprawo.pl\/blog\/regulamin\/"]}]},{"@type":"BreadcrumbList","@id":"https:\/\/nmprawo.pl\/blog\/regulamin\/#breadcrumb","itemListElement":[{"@type":"ListItem","position":1,"name":"Home","item":"https:\/\/nmprawo.pl\/blog\/"},{"@type":"ListItem","position":2,"name":"Regulamin Bloga"}]},{"@type":"WebSite","@id":"https:\/\/nmprawo.pl\/blog\/#website","url":"https:\/\/nmprawo.pl\/blog\/","name":"Blog NMPRAWO","description":"Radca Prawny Natalia Modzelewska","publisher":{"@id":"https:\/\/nmprawo.pl\/blog\/#organization"},"potentialAction":[{"@type":"SearchAction","target":{"@type":"EntryPoint","urlTemplate":"https:\/\/nmprawo.pl\/blog\/?s={search_term_string}"},"query-input":{"@type":"PropertyValueSpecification","valueRequired":true,"valueName":"search_term_string"}}],"inLanguage":"pl-PL"},{"@type":"Organization","@id":"https:\/\/nmprawo.pl\/blog\/#organization","name":"Kancelaria Radcy Prawnego NMPRAWO","url":"https:\/\/nmprawo.pl\/blog\/","logo":{"@type":"ImageObject","inLanguage":"pl-PL","@id":"https:\/\/nmprawo.pl\/blog\/#\/schema\/logo\/image\/","url":"https:\/\/nmprawo.pl\/blog\/wp-content\/uploads\/2020\/11\/logo_schema.png","contentUrl":"https:\/\/nmprawo.pl\/blog\/wp-content\/uploads\/2020\/11\/logo_schema.png","width":1201,"height":300,"caption":"Kancelaria Radcy Prawnego NMPRAWO"},"image":{"@id":"https:\/\/nmprawo.pl\/blog\/#\/schema\/logo\/image\/"},"sameAs":["https:\/\/www.facebook.com\/nmprawo","https:\/\/x.com\/nmprawo","https:\/\/www.instagram.com\/nmprawo\/","https:\/\/www.linkedin.com\/company\/nmprawo\/"]}]}},"_links":{"self":[{"href":"https:\/\/nmprawo.pl\/blog\/wp-json\/wp\/v2\/pages\/398","targetHints":{"allow":["GET"]}}],"collection":[{"href":"https:\/\/nmprawo.pl\/blog\/wp-json\/wp\/v2\/pages"}],"about":[{"href":"https:\/\/nmprawo.pl\/blog\/wp-json\/wp\/v2\/types\/page"}],"author":[{"embeddable":true,"href":"https:\/\/nmprawo.pl\/blog\/wp-json\/wp\/v2\/users\/1"}],"replies":[{"embeddable":true,"href":"https:\/\/nmprawo.pl\/blog\/wp-json\/wp\/v2\/comments?post=398"}],"version-history":[{"count":7,"href":"https:\/\/nmprawo.pl\/blog\/wp-json\/wp\/v2\/pages\/398\/revisions"}],"predecessor-version":[{"id":406,"href":"https:\/\/nmprawo.pl\/blog\/wp-json\/wp\/v2\/pages\/398\/revisions\/406"}],"wp:attachment":[{"href":"https:\/\/nmprawo.pl\/blog\/wp-json\/wp\/v2\/media?parent=398"}],"curies":[{"name":"wp","href":"https:\/\/api.w.org\/{rel}","templated":true}]}}